{"id":3615,"date":"2025-09-10T17:51:10","date_gmt":"2025-09-10T15:51:10","guid":{"rendered":"https:\/\/www.dizaynct.com\/kit-digital\/"},"modified":"2025-09-10T18:00:52","modified_gmt":"2025-09-10T16:00:52","slug":"kit-digital","status":"publish","type":"page","link":"https:\/\/www.dizaynct.com\/es\/kit-digital\/","title":{"rendered":"Kit Digital"},"content":{"rendered":"<div class=\"gb-container gb-container-9a13cbf5\">\n\n<figure class=\"wp-block-image size-full\"><img loading=\"lazy\" decoding=\"async\" width=\"60\" height=\"50\" src=\"https:\/\/www.dizaynct.com\/wp-content\/uploads\/2025\/09\/logo-capcalera.png\" alt=\"\" class=\"wp-image-3535\"\/><\/figure>\n\n\n\n<h2 class=\"gb-headline gb-headline-ade0276d gb-headline-text\">Estudio de interiorismo<\/h2>\n\n\n<div class=\"gb-container gb-container-2fc0ec5f\">\n\n<p class=\"has-base-2-color has-text-color has-link-color wp-elements-2a9e4dc0ac624a6015808349358e37aa\"><a href=\"https:\/\/www.dizaynct.com\/es\/inicio\/\" data-type=\"page\" data-id=\"3540\">INICIO<\/a><\/p>\n\n\n\n<p class=\"has-base-2-color has-text-color has-link-color wp-elements-d73af36578221d162b9ffaeafc878231\"><a href=\"https:\/\/www.dizaynct.com\/es\/kit-digital\/\">CAT<\/a><\/p>\n\n<\/div>\n\n<div class=\"gb-container gb-container-330569be\">\n\n<h1 class=\"gb-headline gb-headline-0fe50d10 gb-headline-text\">Enfocados en Crear y<br>Transformar espacios<\/h1>\n\n<\/div>\n<\/div>\n\n<div class=\"gb-container gb-container-72817d84\">\n\n<figure class=\"wp-block-image size-full\"><img loading=\"lazy\" decoding=\"async\" width=\"1024\" height=\"119\" src=\"https:\/\/www.dizaynct.com\/wp-content\/uploads\/2025\/09\/kit-digital-logo2064x239-1536x178-1-1024x119-1.png\" alt=\"\" class=\"wp-image-3608\" srcset=\"https:\/\/www.dizaynct.com\/wp-content\/uploads\/2025\/09\/kit-digital-logo2064x239-1536x178-1-1024x119-1.png 1024w, https:\/\/www.dizaynct.com\/wp-content\/uploads\/2025\/09\/kit-digital-logo2064x239-1536x178-1-1024x119-1-300x35.png 300w, https:\/\/www.dizaynct.com\/wp-content\/uploads\/2025\/09\/kit-digital-logo2064x239-1536x178-1-1024x119-1-768x89.png 768w\" sizes=\"auto, (max-width: 1024px) 100vw, 1024px\" \/><\/figure>\n\n\n\n<p class=\"has-text-align-center\">Financiado por la Uni\u00f3n Europea &#8211; NextGenerationEU. Sin embargo, los puntos de vista y las opiniones expresadas son \u00fanicamente los del autor o autores y no reflejan necesariamente los de la Uni\u00f3n Europea o la Comisi\u00f3n Europea. Ni la Uni\u00f3n Europea ni la Comisi\u00f3n Europea pueden ser consideradas responsables de las mismas<\/p>\n\n<\/div>\n\n<div class=\"gb-container gb-container-f7ddf1d0\" id=\"contacte\">\n<div class=\"gb-container gb-container-417f0c25\">\n\n<p class=\"has-contrast-color has-text-color has-link-color has-large-font-size wp-elements-41cc9ea4af8310379fef585e67e90f57\"><strong>_<\/strong><\/p>\n\n\n\n<p class=\"has-contrast-color has-text-color has-link-color has-medium-font-size wp-elements-7867d162ec94c5675a1f64dfe088d972\">Contacto<\/p>\n\n<\/div>\n\n\n<figure class=\"wp-block-image size-full is-resized\"><img loading=\"lazy\" decoding=\"async\" width=\"345\" height=\"89\" src=\"https:\/\/www.dizaynct.com\/wp-content\/uploads\/2025\/09\/logo-footer.png\" alt=\"\" class=\"wp-image-3537\" style=\"width:248px;height:auto\" srcset=\"https:\/\/www.dizaynct.com\/wp-content\/uploads\/2025\/09\/logo-footer.png 345w, https:\/\/www.dizaynct.com\/wp-content\/uploads\/2025\/09\/logo-footer-300x77.png 300w\" sizes=\"auto, (max-width: 345px) 100vw, 345px\" \/><\/figure>\n\n<\/div>\n\n<div class=\"gb-container gb-container-299f0456\">\n\n<p class=\"has-text-align-center has-small-font-size\">Enric Mart\u00ed Coderch<\/p>\n\n\n\n<p class=\"has-text-align-center has-small-font-size\">  Ronda Camprodon, 2 (Seminari Vic) Pl 2, D 9 08500 Vic (Barcelona)  <\/p>\n\n\n\n<p class=\"has-text-align-center has-small-font-size\">T <a href=\"tel:623297710\">623 297 710<\/a><\/p>\n\n\n\n<p class=\"has-text-align-center has-small-font-size\"><a href=\"mailto:%20enric@dizaynct.com\">  enric@dizaynct.com<\/a><\/p>\n\n\n<div class=\"gb-container gb-container-176dbea0\">\n\n<p class=\"has-text-align-center has-small-font-size\"> <a href=\"https:\/\/www.instagram.com\/_dizaynct\">_dizaynct<\/a><\/p>\n\n\n\n<figure class=\"wp-block-image size-full\"><img loading=\"lazy\" decoding=\"async\" width=\"18\" height=\"18\" src=\"https:\/\/www.dizaynct.com\/wp-content\/uploads\/2025\/09\/logoinstagram.png\" alt=\"\" class=\"wp-image-3530\"\/><\/figure>\n\n<\/div>\n<\/div>\n\n<div class=\"gb-container gb-container-aff13b14\">\n\n<p class=\"has-text-align-center has-small-font-size\">Av\u00eds Legal<\/p>\n\n\n\n<p class=\"gb-headline gb-headline-314736be gb-headline-text\">&#8211;<\/p>\n\n\n\n<p class=\"has-text-align-center has-small-font-size\">Pol\u00edtica de Privacitat<\/p>\n\n\n\n<p class=\"gb-headline gb-headline-85eadce1 gb-headline-text\">&#8211;<\/p>\n\n\n\n<p class=\"has-text-align-center has-small-font-size\">Politica de Cookies<\/p>\n\n\n\n<p class=\"gb-headline gb-headline-9a9b775a gb-headline-text\">&#8211;<\/p>\n\n\n\n<p class=\"has-text-align-center has-small-font-size\"><a href=\"https:\/\/www.dizaynct.com\/kit-digital\/\" data-type=\"page\" data-id=\"3607\">Kit Digital<\/a><\/p>\n\n<\/div>","protected":false},"excerpt":{"rendered":"<p>Estudio de interiorismo INICIO CAT Enfocados en Crear yTransformar espacios Financiado por la Uni\u00f3n Europea &#8211; NextGenerationEU. Sin embargo, los puntos de vista y las &#8230; <a title=\"Kit Digital\" class=\"read-more\" href=\"https:\/\/www.dizaynct.com\/es\/kit-digital\/\" aria-label=\"Leer m\u00e1s sobre Kit Digital\">Leer m\u00e1s<\/a><\/p>\n","protected":false},"author":1,"featured_media":0,"parent":0,"menu_order":0,"comment_status":"closed","ping_status":"closed","template":"","meta":{"footnotes":""},"class_list":["post-3615","page","type-page","status-publish"],"_links":{"self":[{"href":"https:\/\/www.dizaynct.com\/es\/wp-json\/wp\/v2\/pages\/3615","targetHints":{"allow":["GET"]}}],"collection":[{"href":"https:\/\/www.dizaynct.com\/es\/wp-json\/wp\/v2\/pages"}],"about":[{"href":"https:\/\/www.dizaynct.com\/es\/wp-json\/wp\/v2\/types\/page"}],"author":[{"embeddable":true,"href":"https:\/\/www.dizaynct.com\/es\/wp-json\/wp\/v2\/users\/1"}],"replies":[{"embeddable":true,"href":"https:\/\/www.dizaynct.com\/es\/wp-json\/wp\/v2\/comments?post=3615"}],"version-history":[{"count":12,"href":"https:\/\/www.dizaynct.com\/es\/wp-json\/wp\/v2\/pages\/3615\/revisions"}],"predecessor-version":[{"id":3632,"href":"https:\/\/www.dizaynct.com\/es\/wp-json\/wp\/v2\/pages\/3615\/revisions\/3632"}],"wp:attachment":[{"href":"https:\/\/www.dizaynct.com\/es\/wp-json\/wp\/v2\/media?parent=3615"}],"curies":[{"name":"wp","href":"https:\/\/api.w.org\/{rel}","templated":true}]}}