{"id":3600,"date":"2025-09-10T15:20:28","date_gmt":"2025-09-10T13:20:28","guid":{"rendered":"https:\/\/www.dizaynct.com\/inicio\/"},"modified":"2026-02-16T15:29:48","modified_gmt":"2026-02-16T13:29:48","slug":"inicio","status":"publish","type":"page","link":"https:\/\/www.dizaynct.com\/es\/","title":{"rendered":"Inicio"},"content":{"rendered":"<div class=\"gb-container gb-container-9a13cbf5\">\n\n<figure class=\"wp-block-image size-full\"><img loading=\"lazy\" decoding=\"async\" width=\"60\" height=\"50\" src=\"https:\/\/www.dizaynct.com\/wp-content\/uploads\/2025\/09\/logo-capcalera.png\" alt=\"\" class=\"wp-image-3535\"\/><\/figure>\n\n\n\n<h2 class=\"gb-headline gb-headline-ade0276d gb-headline-text\">Estudio de interiorismo<\/h2>\n\n\n<div class=\"gb-container gb-container-a350b12e menu\">\n\n<p class=\"has-base-2-color has-text-color has-link-color has-medium-font-size wp-elements-01e904d1c3ed1b82fc8fb89ecb862aeb\"><a href=\"#qui-som\">QUI\u00c9NES SOMOS<\/a><\/p>\n\n\n\n<p class=\"has-base-2-color has-text-color has-link-color has-medium-font-size wp-elements-fdfb9dd53b0c8f1dcbf4284a2cff98d7\"><a href=\"#ens-mou\">NOS MUEVE<\/a><\/p>\n\n\n\n<p class=\"has-base-2-color has-text-color has-link-color has-medium-font-size wp-elements-cb9553d5e55ec8e42b210e981423e61d\"><a href=\"#contacte\">CONTACTO<\/a><\/p>\n\n\n\n<div\n\t class=\"wpml-ls-statics-shortcode_actions wpml-ls wpml-ls-legacy-dropdown js-wpml-ls-legacy-dropdown\">\n\t<ul role=\"menu\">\n\n\t\t<li role=\"none\" tabindex=\"0\" class=\"wpml-ls-slot-shortcode_actions wpml-ls-item wpml-ls-item-es wpml-ls-current-language wpml-ls-last-item wpml-ls-item-legacy-dropdown\">\n\t\t\t<a href=\"#\" class=\"js-wpml-ls-item-toggle wpml-ls-item-toggle\" role=\"menuitem\" title=\"Switch to Espa\u00f1ol\">\n                <span class=\"wpml-ls-native\" role=\"menuitem\">Espa\u00f1ol<\/span><\/a>\n\n\t\t\t<ul class=\"wpml-ls-sub-menu\" role=\"menu\">\n\t\t\t\t\n\t\t\t\t\t<li class=\"wpml-ls-slot-shortcode_actions wpml-ls-item wpml-ls-item-ca wpml-ls-first-item\" role=\"none\">\n\t\t\t\t\t\t<a href=\"https:\/\/www.dizaynct.com\/\" class=\"wpml-ls-link\" role=\"menuitem\" aria-label=\"Switch to Catal\u00e1n\" title=\"Switch to Catal\u00e1n\">\n                            <span class=\"wpml-ls-native\" lang=\"ca\">Catal\u00e0<\/span><\/a>\n\t\t\t\t\t<\/li>\n\n\t\t\t\t\t\t\t<\/ul>\n\n\t\t<\/li>\n\n\t<\/ul>\n<\/div>\n\n\n<\/div>\n\n<div class=\"gb-container gb-container-330569be\">\n\n<h1 class=\"gb-headline gb-headline-0fe50d10 gb-headline-text\">Enfocados en Crear y<br>Transformar espacios<\/h1>\n\n<\/div>\n<\/div><div class=\"gb-container gb-container-b1452447 gdiv\">\n<div class=\"gb-container gb-container-150320ad\" id=\"qui-som\">\n<div class=\"gb-container gb-container-8eb32937\">\n\n<figure class=\"gb-block-image gb-block-image-996d71da\"><img loading=\"lazy\" decoding=\"async\" width=\"300\" height=\"300\" class=\"gb-image gb-image-996d71da imghome\" src=\"https:\/\/www.dizaynct.com\/wp-content\/uploads\/2025\/10\/foto-Enric-i-Oria_format-png-300x300.png\" alt=\"\" title=\"foto Enric i \u00d2ria_format png\" srcset=\"https:\/\/www.dizaynct.com\/wp-content\/uploads\/2025\/10\/foto-Enric-i-Oria_format-png-300x300.png 300w, https:\/\/www.dizaynct.com\/wp-content\/uploads\/2025\/10\/foto-Enric-i-Oria_format-png-1024x1024.png 1024w, https:\/\/www.dizaynct.com\/wp-content\/uploads\/2025\/10\/foto-Enric-i-Oria_format-png-150x150.png 150w, https:\/\/www.dizaynct.com\/wp-content\/uploads\/2025\/10\/foto-Enric-i-Oria_format-png-768x768.png 768w, https:\/\/www.dizaynct.com\/wp-content\/uploads\/2025\/10\/foto-Enric-i-Oria_format-png.png 1384w\" sizes=\"auto, (max-width: 300px) 100vw, 300px\" \/><\/figure>\n\n<\/div>\n\n<div class=\"gb-container gb-container-a38cb241\">\n<div class=\"gb-container gb-container-806d3864\">\n\n<p class=\"has-contrast-color has-text-color has-link-color has-x-large-font-size wp-elements-b28b0447d3f7b1fa180eb823ccbd7a66\"><strong>_<\/strong><\/p>\n\n\n\n<p class=\"has-contrast-color has-text-color has-link-color has-large-font-size wp-elements-077dfcbdb33749740f5bdc3e3838cb6f\">Qui\u00e9nes somos<\/p>\n\n<\/div>\n\n\n<p class=\"gb-headline gb-headline-e52b6af1 gb-headline-text\">Somos Enric i \u00d2ria que damos vida a un estudio de dise\u00f1o ubicado en Vic (Seminari Vic), especializado en Crear y Transformar espacios para que se impregnen de vuestro car\u00e1cter y manera de ser.<\/p>\n\n\n\n<h3 class=\"gb-headline gb-headline-207bbfe6 gb-headline-text\">Espacios que hablan, que combinan sensaciones con calidez y que tienen siempre en cuenta el bienestar<\/h3>\n\n<\/div>\n<\/div>\n\n<div class=\"gb-container gb-container-29567aab\">\n\n<div class=\"carousel\">\n  <div class=\"carousel-track\">\n    <div class=\"carousel-item\"><img decoding=\"async\" src=\"https:\/\/www.dizaynct.com\/wp-content\/uploads\/2025\/09\/FOTO-PORTADA-1-scaled.jpg\"\/><\/div>\n    <div class=\"carousel-item\"><img decoding=\"async\" src=\"https:\/\/www.dizaynct.com\/wp-content\/uploads\/2025\/09\/IMATGE-ESTUDI-DIZAYN1.jpg\"\/><\/div>\n    <div class=\"carousel-item\"><img decoding=\"async\" src=\"https:\/\/www.dizaynct.com\/wp-content\/uploads\/2025\/09\/IMATGE-ESTUDI-DIZAYN2.jpg\"\/><\/div>\n    <div class=\"carousel-item\"><img decoding=\"async\" src=\"https:\/\/www.dizaynct.com\/wp-content\/uploads\/2025\/09\/1-scaled.jpg\"\/><\/div>\n    <div class=\"carousel-item\"><img decoding=\"async\" src=\"https:\/\/www.dizaynct.com\/wp-content\/uploads\/2025\/09\/2.jpg\"\/><\/div>\n    <div class=\"carousel-item\"><img decoding=\"async\" src=\"https:\/\/www.dizaynct.com\/wp-content\/uploads\/2025\/09\/Mapamundi-5.jpg\"\/><\/div>\n  <\/div>\n<\/div>\n\n<style>\n.carousel {\n  overflow: hidden;\n  width: 100%;\nfont-size: 20px;\n}\n\n.carousel-track {\n  display: flex;\n  transition: transform 0.6s ease;\n   \n}\n\n.carousel-item {\n  flex: 0 0 25%; \/* 4 items visibles *\/\n  padding-left: 5px;\n  padding-right: 5px;\n  height: 250px;\n}\n\n.carousel-item img {\n  width: 100%;\n  display: block;\n  object-fit: cover;\n  height: 100%;\n}\n\n@media (max-width: 768px) {\n  .carousel-item {\n    flex: 0 0 100%; \/* 1 por pantalla en m\u00f3vil *\/\n  }\n}\n<\/style>\n\n<script>\ndocument.addEventListener(\"DOMContentLoaded\", function () {\n  const track = document.querySelector(\".carousel-track\");\n  let items = document.querySelectorAll(\".carousel-item\");\n  const totalItems = items.length;\n  let index = 0;\n  const visibleItems = window.innerWidth > 768 ? 4 : 1;\n\n  \/\/ Clonar los primeros visibles al final para hacer loop infinito\n  for (let i = 0; i < visibleItems; i++) {\n    let clone = items[i].cloneNode(true);\n    track.appendChild(clone);\n  }\n\n  function moveCarousel() {\n    index++;\n    track.style.transition = \"transform 0.6s ease\";\n    track.style.transform = `translateX(-${index * (100 \/ visibleItems)}%)`;\n\n    \/\/ Cuando llega al final, resetear\n    if (index >= totalItems) {\n      setTimeout(() => {\n        track.style.transition = \"none\";\n        track.style.transform = \"translateX(0)\";\n        index = 0;\n      }, 600);\n    }\n  }\n\n  setInterval(moveCarousel, 5000);\n});\n<\/script>\n\n<\/div>\n\n<div class=\"gb-container gb-container-fcbf74fb\" id=\"ens-mou\">\n<div class=\"gb-container gb-container-40637fe6\">\n<div class=\"gb-container gb-container-fc52b2c0\">\n\n<p class=\"has-contrast-color has-text-color has-link-color has-x-large-font-size wp-elements-b28b0447d3f7b1fa180eb823ccbd7a66\"><strong>_<\/strong><\/p>\n\n\n\n<p class=\"has-contrast-color has-text-color has-link-color has-large-font-size wp-elements-4fadd6dcb9c1298cfbd3a34f778b6949\">Nos Mueve<\/p>\n\n<\/div>\n\n<div class=\"gb-container gb-container-0dbcf5fd\">\n\n<p class=\"has-contrast-color has-text-color has-link-color has-medium-font-size wp-elements-9bcd886e63074d9ff15f10c95a2247d6\">La simplicidad y sencillez con elegancia, con tonalidades neutras y matices cuidados.<\/p>\n\n\n\n<p class=\"has-contrast-color has-text-color has-link-color has-medium-font-size wp-elements-91578e73b2700fd903137cd94d582099\">El dise\u00f1o con alma: cada proyecto responde a su estilo de vida, a sus necesidades y a su sensibilidad; su sello.<\/p>\n\n\n\n<p class=\"has-contrast-color has-text-color has-link-color has-medium-font-size wp-elements-71c5f805fb42970b4782775b105c0222\">Con un trato cercano y humano hacia ustedes para que el proceso de Creaci\u00f3n y Transformaci\u00f3n sea una experiencia compartida con esmero y delicadeza, donde se mantenga la llama de la ilusi\u00f3n por nuevos horizontes.<\/p>\n\n<\/div>\n<\/div>\n\n\n<figure class=\"gb-block-image gb-block-image-78307f06\"><img loading=\"lazy\" decoding=\"async\" width=\"345\" height=\"89\" class=\"gb-image gb-image-78307f06\" src=\"https:\/\/www.dizaynct.com\/wp-content\/uploads\/2025\/09\/logo-footer.png\" alt=\"\" title=\"logo footer\" srcset=\"https:\/\/www.dizaynct.com\/wp-content\/uploads\/2025\/09\/logo-footer.png 345w, https:\/\/www.dizaynct.com\/wp-content\/uploads\/2025\/09\/logo-footer-300x77.png 300w\" sizes=\"auto, (max-width: 345px) 100vw, 345px\" \/><\/figure>\n\n<\/div>\n\n<div class=\"gb-container gb-container-417f0c25\" id=\"contacte\">\n\n<p class=\"has-contrast-color has-text-color has-link-color has-large-font-size wp-elements-41cc9ea4af8310379fef585e67e90f57\"><strong>_<\/strong><\/p>\n\n\n\n<p class=\"has-contrast-color has-text-color has-link-color wp-elements-67ecd6e9e5c1fd51870b69b465e72c98\" style=\"font-size:25px\">Contacto<\/p>\n\n<\/div>\n<\/div><div class=\"gb-container gb-container-299f0456\">\n\n<p class=\"has-text-align-center has-small-font-size\">Enric Mart\u00ed Coderch<\/p>\n\n\n\n<p class=\"has-text-align-center has-small-font-size\">Ronda Camprodon, 2 (Seminari Vic Pl 2 D 9) Vic <\/p>\n\n\n\n<p class=\"has-text-align-center has-small-font-size\">T <a href=\"tel:623297710\">623 297 710<\/a><\/p>\n\n\n\n<p class=\"has-text-align-center has-small-font-size\"><a href=\"mailto:%20enric@dizaynct.com\">  enric@dizaynct.com<\/a><\/p>\n\n\n<div class=\"gb-container gb-container-176dbea0\">\n\n<p class=\"has-text-align-center has-small-font-size\"> <a href=\"https:\/\/www.instagram.com\/_dizaynct\">_dizaynct<\/a><\/p>\n\n\n\n<figure class=\"wp-block-image size-full\"><img loading=\"lazy\" decoding=\"async\" width=\"18\" height=\"18\" src=\"https:\/\/www.dizaynct.com\/wp-content\/uploads\/2025\/09\/logoinstagram.png\" alt=\"\" class=\"wp-image-3530\"\/><\/figure>\n\n<\/div>\n<\/div><div class=\"gb-container gb-container-aff13b14\">\n\n<p class=\"has-text-align-center has-small-font-size\">Av\u00eds Legal<\/p>\n\n\n\n<p class=\"gb-headline gb-headline-314736be gb-headline-text\">&#8211;<\/p>\n\n\n\n<p class=\"has-text-align-center has-small-font-size\">Pol\u00edtica de Privacitat<\/p>\n\n\n\n<p class=\"gb-headline gb-headline-85eadce1 gb-headline-text\">&#8211;<\/p>\n\n\n\n<p class=\"has-text-align-center has-small-font-size\">Politica de Cookies<\/p>\n\n\n\n<p class=\"gb-headline gb-headline-9a9b775a gb-headline-text\">&#8211;<\/p>\n\n\n\n<p class=\"has-text-align-center has-small-font-size\"><a href=\"https:\/\/www.dizaynct.com\/kit-digital\/\" data-type=\"page\" data-id=\"3607\">Kit Digital<\/a><\/p>\n\n<\/div>\n<p><\/p>\n","protected":false},"excerpt":{"rendered":"<p>Estudio de interiorismo QUI\u00c9NES SOMOS NOS MUEVE CONTACTO Enfocados en Crear yTransformar espacios _ Qui\u00e9nes somos Somos Enric i \u00d2ria que damos vida a un &#8230; <a title=\"Inicio\" class=\"read-more\" href=\"https:\/\/www.dizaynct.com\/es\/\" aria-label=\"Leer m\u00e1s sobre Inicio\">Leer m\u00e1s<\/a><\/p>\n","protected":false},"author":1,"featured_media":0,"parent":0,"menu_order":0,"comment_status":"closed","ping_status":"closed","template":"","meta":{"footnotes":""},"class_list":["post-3600","page","type-page","status-publish"],"_links":{"self":[{"href":"https:\/\/www.dizaynct.com\/es\/wp-json\/wp\/v2\/pages\/3600","targetHints":{"allow":["GET"]}}],"collection":[{"href":"https:\/\/www.dizaynct.com\/es\/wp-json\/wp\/v2\/pages"}],"about":[{"href":"https:\/\/www.dizaynct.com\/es\/wp-json\/wp\/v2\/types\/page"}],"author":[{"embeddable":true,"href":"https:\/\/www.dizaynct.com\/es\/wp-json\/wp\/v2\/users\/1"}],"replies":[{"embeddable":true,"href":"https:\/\/www.dizaynct.com\/es\/wp-json\/wp\/v2\/comments?post=3600"}],"version-history":[{"count":127,"href":"https:\/\/www.dizaynct.com\/es\/wp-json\/wp\/v2\/pages\/3600\/revisions"}],"predecessor-version":[{"id":4597,"href":"https:\/\/www.dizaynct.com\/es\/wp-json\/wp\/v2\/pages\/3600\/revisions\/4597"}],"wp:attachment":[{"href":"https:\/\/www.dizaynct.com\/es\/wp-json\/wp\/v2\/media?parent=3600"}],"curies":[{"name":"wp","href":"https:\/\/api.w.org\/{rel}","templated":true}]}}